{"id":715,"date":"2025-07-03T15:12:38","date_gmt":"2025-07-03T15:12:38","guid":{"rendered":"https:\/\/hsbusinesssolutions.es\/aviso-legal\/"},"modified":"2025-07-24T13:23:43","modified_gmt":"2025-07-24T13:23:43","slug":"aviso-legal","status":"publish","type":"page","link":"https:\/\/hsbusinesssolutions.es\/pt-pt\/aviso-legal\/","title":{"rendered":"Aviso legal"},"content":{"rendered":"\t\t<div data-elementor-type=\"wp-page\" data-elementor-id=\"715\" class=\"elementor elementor-715 elementor-490\" data-elementor-post-type=\"page\">\n\t\t\t\t<div class=\"elementor-element elementor-element-5ac2ce5 e-flex e-con-boxed e-con e-parent\" data-id=\"5ac2ce5\" data-element_type=\"container\" data-settings=\"{&quot;background_background&quot;:&quot;classic&quot;}\">\n\t\t\t\t\t<div class=\"e-con-inner\">\n\t\t<div class=\"elementor-element elementor-element-1f26968 e-con-full e-flex e-con e-child\" data-id=\"1f26968\" data-element_type=\"container\" data-settings=\"{&quot;background_background&quot;:&quot;gradient&quot;}\">\n\t\t\t\t<div class=\"elementor-element elementor-element-f76e0b5 elementor-widget__width-initial elementor-invisible elementor-widget elementor-widget-heading\" data-id=\"f76e0b5\" data-element_type=\"widget\" data-settings=\"{&quot;_animation&quot;:&quot;fadeIn&quot;}\" data-widget_type=\"heading.default\">\n\t\t\t\t<div class=\"elementor-widget-container\">\n\t\t\t\t\t<h1 class=\"elementor-heading-title elementor-size-default\">Aviso legal<\/h1>\t\t\t\t<\/div>\n\t\t\t\t<\/div>\n\t\t\t\t<\/div>\n\t\t\t\t\t<\/div>\n\t\t\t\t<\/div>\n\t\t<div class=\"elementor-element elementor-element-a4d64e9 e-flex e-con-boxed e-con e-parent\" data-id=\"a4d64e9\" data-element_type=\"container\">\n\t\t\t\t\t<div class=\"e-con-inner\">\n\t\t<div class=\"elementor-element elementor-element-916304a e-con-full e-flex e-con e-child\" data-id=\"916304a\" data-element_type=\"container\">\n\t\t\t\t<div class=\"elementor-element elementor-element-e31bcda elementor-widget__width-initial elementor-invisible elementor-widget elementor-widget-text-editor\" data-id=\"e31bcda\" data-element_type=\"widget\" data-settings=\"{&quot;_animation&quot;:&quot;fadeIn&quot;}\" data-widget_type=\"text-editor.default\">\n\t\t\t\t<div class=\"elementor-widget-container\">\n\t\t\t\t\t\t\t\t\t<p>O acesso, navega\u00e7\u00e3o e utiliza\u00e7\u00e3o do site www.henryschein.pt (doravante, o \u201cWebsite\u201d) implica a aceita\u00e7\u00e3o expressa e sem reservas de todos os termos destas condi\u00e7\u00f5es de utiliza\u00e7\u00e3o, tendo a mesma validade e efic\u00e1cia que qualquer contrato celebrado por escrito e assinado.<\/p><p>A sua observ\u00e2ncia e cumprimento ser\u00e3o exig\u00edveis em rela\u00e7\u00e3o a qualquer pessoa que acesse, navegue ou utilize o Website. Se n\u00e3o concordar com os termos expostos, n\u00e3o acesse, navegue ou use qualquer p\u00e1gina do site.<strong>IDENTIFICA\u00c7\u00c3O.<br \/>\u00a0<\/strong><\/p><ul><li><strong>Nome: <\/strong>HENRY SCHEIN PORTUGAL, UNIPESSOAL LDA (Doravante \u201cHENRY SCHEIN\u201d)<\/li><li><strong>Dire\u00e7\u00e3o: <\/strong>Avenida Jos\u00e9 Gomes Ferreira 13 Piso O Fra\u00e7ao B, Miraflores 1495-139 Alges (Portugal)<\/li><li><strong>NIF: <\/strong>507590252<\/li><li><strong>Registo P\u00fablico: <\/strong>Registo Commercial de Lisboa<\/li><li><strong>Telefone: <\/strong>211 258 211<\/li><li><strong>E-Mail: <\/strong><a href=\"mailto:dental@henryschein.pt\">dental@henryschein.pt<\/a>.<\/li><li><strong>Web: <\/strong><a href=\"http:\/\/www.henryschein.pt\">www.henryschein.pt<\/a><\/li><\/ul><p>\u00a0<\/p><p><strong>Objetivo<\/strong><\/p><p>O objetivo do Site \u00e9: Servi\u00e7os para Cl\u00ednicas Dent\u00e1rias e de Est\u00e9tica.<\/p><p><strong>Termos de Utiliza\u00e7\u00e3o<\/strong><\/p><p>A utiliza\u00e7\u00e3o do Site confere-lhe a condi\u00e7\u00e3o de Utilizador e implica a aceita\u00e7\u00e3o integral de todos os termos e condi\u00e7\u00f5es de utiliza\u00e7\u00e3o inclu\u00eddos nas p\u00e1ginas:<\/p><p>Aviso Legal<br \/>Pol\u00edtica de Privacidade<br \/>Pol\u00edtica de Cookies<\/p><p>Caso n\u00e3o concorde com todos e cada um destes termos e condi\u00e7\u00f5es, por favor abstenha-se de utilizar o Site.<\/p><p>O acesso ao Site n\u00e3o implica, de forma alguma, o in\u00edcio de uma rela\u00e7\u00e3o comercial com o Propriet\u00e1rio.<\/p><p>Atrav\u00e9s do Site, o Propriet\u00e1rio proporciona-lhe o acesso e a utiliza\u00e7\u00e3o de diversos conte\u00fados que o Propriet\u00e1rio e\/ou os seus colaboradores publicaram online.<\/p><p>Para o efeito, obriga-se e compromete-se a N\u00c3O utilizar qualquer conte\u00fado do Site para fins ou efeitos il\u00edcitos, proibidos no presente Aviso Legal ou pela legisla\u00e7\u00e3o em vigor, lesivos de direitos e interesses de terceiros, ou que, por qualquer forma, possam danificar, inutilizar, sobrecarregar, deteriorar ou impedir a normal utiliza\u00e7\u00e3o do conte\u00fado, dos equipamentos inform\u00e1ticos ou dos documentos, ficheiros e todo o tipo de conte\u00fados armazenados em qualquer equipamento inform\u00e1tico propriedade ou contratado pelo Propriet\u00e1rio, outros utilizadores ou qualquer internauta.<\/p><p><strong>Medidas de Seguran\u00e7a<\/strong><\/p><p>Os dados pessoais que forne\u00e7a ao Propriet\u00e1rio poder\u00e3o ser armazenados em bases de dados automatizadas ou n\u00e3o automatizadas, cuja titularidade pertence exclusivamente ao Propriet\u00e1rio, que assume todas as medidas t\u00e9cnicas, organizacionais e de seguran\u00e7a para garantir a confidencialidade, a integridade e a qualidade da informa\u00e7\u00e3o neles contida, em conformidade com a legisla\u00e7\u00e3o em vigor em mat\u00e9ria de prote\u00e7\u00e3o de dados.<\/p><p>No entanto, deve estar ciente de que as medidas de seguran\u00e7a dos sistemas inform\u00e1ticos na Internet n\u00e3o s\u00e3o totalmente fi\u00e1veis \u200b\u200be, por conseguinte, o Propriet\u00e1rio n\u00e3o pode garantir a aus\u00eancia de v\u00edrus ou outros elementos que possam causar altera\u00e7\u00f5es nos sistemas inform\u00e1ticos do Utilizador (software e hardware) ou nos seus documentos eletr\u00f3nicos e ficheiros neles contidos, embora o Propriet\u00e1rio forne\u00e7a todos os meios necess\u00e1rios e tome as medidas de seguran\u00e7a adequadas para impedir a presen\u00e7a destes elementos nocivos.<\/p><p><strong>Processamento de Dados Pessoais<\/strong><\/p><p>Poder\u00e1 consultar todas as informa\u00e7\u00f5es sobre o tratamento dos dados pessoais recolhidos pelo Propriet\u00e1rio na p\u00e1gina da Pol\u00edtica de Privacidade.<\/p><p><strong>Conte\u00fado<\/strong><\/p><p>O Propriet\u00e1rio obteve as informa\u00e7\u00f5es, o conte\u00fado multim\u00e9dia e os materiais inclu\u00eddos no Site de fontes que considera fidedignas. No entanto, embora tenha tomado todas as medidas razo\u00e1veis \u200b\u200bpara garantir que as informa\u00e7\u00f5es contidas est\u00e3o corretas, o Propriet\u00e1rio n\u00e3o garante que sejam precisas, completas ou atualizadas. O Propriet\u00e1rio isenta-se expressamente de qualquer responsabilidade por erros ou omiss\u00f5es nas informa\u00e7\u00f5es contidas nas p\u00e1ginas do Site.<\/p><p>\u00c9 proibido transmitir ou enviar atrav\u00e9s do Site qualquer conte\u00fado ilegal ou il\u00edcito, v\u00edrus inform\u00e1ticos ou mensagens que, em geral, afetem ou violem os direitos do Propriet\u00e1rio ou de terceiros.<\/p><p>O conte\u00fado do Site tem um car\u00e1cter meramente informativo e, em caso algum, deve ser utilizado ou considerado como uma oferta de venda, um pedido de oferta de compra ou uma recomenda\u00e7\u00e3o para a realiza\u00e7\u00e3o de qualquer outra transa\u00e7\u00e3o, exceto quando expressamente indicado.<\/p><p>O Propriet\u00e1rio reserva-se o direito de modificar, suspender, cancelar ou restringir o conte\u00fado do Site, os links ou as informa\u00e7\u00f5es obtidas atrav\u00e9s do Site, sem aviso pr\u00e9vio.<\/p><p>O Propriet\u00e1rio n\u00e3o se responsabiliza por quaisquer danos que possam advir da utiliza\u00e7\u00e3o da informa\u00e7\u00e3o contida no Site ou nas redes sociais do Propriet\u00e1rio.<\/p><p><strong>Pol\u00edtica de Cookies<\/strong><\/p><p>Pode consultar toda a informa\u00e7\u00e3o relativa \u00e0 pol\u00edtica de recolha e tratamento de cookies na p\u00e1gina da Pol\u00edtica de Cookies.<\/p><p><strong>Links para Outros Sites<\/strong><\/p><p>O Propriet\u00e1rio poder\u00e1 proporcionar-lhe o acesso a sites de terceiros atrav\u00e9s de links com o \u00fanico prop\u00f3sito de o informar sobre a exist\u00eancia de outras fontes de informa\u00e7\u00e3o na Internet, onde poder\u00e1 ampliar a informa\u00e7\u00e3o oferecida no Site.<\/p><p>Estes links para outros sites n\u00e3o constituem, em caso algum, uma sugest\u00e3o ou recomenda\u00e7\u00e3o para que visite as p\u00e1ginas de destino, que se encontram fora do controlo do Propriet\u00e1rio.<\/p><p>O Propriet\u00e1rio n\u00e3o se responsabiliza pelo conte\u00fado dos sites vinculados ou pelos resultados obtidos ao clicar nos links. Da mesma forma, o Propriet\u00e1rio n\u00e3o se responsabiliza pelos links localizados nos sites vinculados aos quais fornece acesso.<\/p><p>O estabelecimento de um link n\u00e3o implica, em caso algum, a exist\u00eancia de um v\u00ednculo entre o Propriet\u00e1rio e o propriet\u00e1rio do site para o qual o link \u00e9 estabelecido, nem a aceita\u00e7\u00e3o ou aprova\u00e7\u00e3o do Propriet\u00e1rio dos seus conte\u00fados ou servi\u00e7os.<\/p><p>Se aceder a um site externo a partir de um link que se encontra no Site, dever\u00e1 ler a pol\u00edtica de privacidade do outro site, que pode ser diferente da deste Site.<\/p><p><strong>Propriedade Intelectual e Industrial<\/strong><\/p><p>Todos os direitos reservados.<\/p><p>Todo o acesso a este Site est\u00e1 sujeito \u00e0s seguintes condi\u00e7\u00f5es: a reprodu\u00e7\u00e3o, o armazenamento permanente e a divulga\u00e7\u00e3o do conte\u00fado ou qualquer outra utiliza\u00e7\u00e3o para fins p\u00fablicos ou comerciais s\u00e3o expressamente proibidos sem o consentimento pr\u00e9vio e expresso por escrito do Propriet\u00e1rio.<\/p><p><strong>Limita\u00e7\u00e3o de Responsabilidade<\/strong><\/p><p>As informa\u00e7\u00f5es e os servi\u00e7os inclu\u00eddos ou disponibilizados atrav\u00e9s do Site podem conter imprecis\u00f5es ou erros tipogr\u00e1ficos. O Propriet\u00e1rio realiza periodicamente melhorias e\/ou altera\u00e7\u00f5es \u00e0s informa\u00e7\u00f5es contidas e\/ou nos Servi\u00e7os, as quais poder\u00e1 introduzir a qualquer momento.<\/p><p>O Propriet\u00e1rio n\u00e3o declara nem garante que os servi\u00e7os ou conte\u00fados ser\u00e3o ininterruptos ou isentos de erros, que os defeitos ser\u00e3o corrigidos ou que o servi\u00e7o ou o servidor que o disponibiliza est\u00e3o isentos de v\u00edrus ou de outros componentes prejudiciais. No entanto, o Propriet\u00e1rio envida todos os esfor\u00e7os para prevenir tais incidentes.<\/p><p>O Propriet\u00e1rio declina qualquer responsabilidade em caso de interrup\u00e7\u00f5es ou avarias dos Servi\u00e7os ou conte\u00fados oferecidos online, independentemente da causa. Da mesma forma, o Propriet\u00e1rio n\u00e3o se responsabiliza por interrup\u00e7\u00f5es de rede, perdas de neg\u00f3cio resultantes de tais interrup\u00e7\u00f5es, cortes tempor\u00e1rios de energia ou qualquer outro tipo de danos indiretos que lhe possam ser causados \u200b\u200bsem culpa do Propriet\u00e1rio.<\/p><p>Antes de tomar qualquer decis\u00e3o e\/ou tomar qualquer a\u00e7\u00e3o com base nas informa\u00e7\u00f5es contidas no Site, o Propriet\u00e1rio recomenda que verifique e compare as informa\u00e7\u00f5es recebidas com outras fontes.<\/p><p><strong>Jurisdi\u00e7\u00e3o<\/strong><\/p><p>Este Aviso Legal \u00e9 integralmente regido pela lei espanhola.<\/p><p><strong>Contato<\/strong><\/p><p>Caso tenha alguma d\u00favida sobre este Aviso Legal ou queira fazer algum coment\u00e1rio sobre o Site, envie um e-mail para business.solutions@henryschein.es<\/p>\t\t\t\t\t\t\t\t<\/div>\n\t\t\t\t<\/div>\n\t\t\t\t<\/div>\n\t\t\t\t\t<\/div>\n\t\t\t\t<\/div>\n\t\t\t\t<\/div>\n\t\t","protected":false},"excerpt":{"rendered":"<p>Aviso legal O acesso, navega\u00e7\u00e3o e utiliza\u00e7\u00e3o do site www.henryschein.pt (doravante, o \u201cWebsite\u201d) implica a aceita\u00e7\u00e3o expressa e sem reservas de todos os termos destas condi\u00e7\u00f5es de utiliza\u00e7\u00e3o, tendo a mesma validade e efic\u00e1cia que qualquer contrato celebrado por escrito e assinado. A sua observ\u00e2ncia e cumprimento ser\u00e3o exig\u00edveis em rela\u00e7\u00e3o a qualquer pessoa que [&hellip;]<\/p>\n","protected":false},"author":1,"featured_media":0,"parent":0,"menu_order":0,"comment_status":"closed","ping_status":"closed","template":"elementor_header_footer","meta":{"inline_featured_image":false,"footnotes":""},"class_list":["post-715","page","type-page","status-publish","hentry"],"yoast_head":"<!-- This site is optimized with the Yoast SEO plugin v26.8 - https:\/\/yoast.com\/product\/yoast-seo-wordpress\/ -->\n<title>Aviso legal - Henry Schein\u00a9 Business Solutions<\/title>\n<meta name=\"robots\" content=\"index, follow, max-snippet:-1, max-image-preview:large, max-video-preview:-1\" \/>\n<link rel=\"canonical\" href=\"https:\/\/hsbusinesssolutions.es\/pt-pt\/aviso-legal\/\" \/>\n<meta property=\"og:locale\" content=\"pt_PT\" \/>\n<meta property=\"og:type\" content=\"article\" \/>\n<meta property=\"og:title\" content=\"Aviso legal - Henry Schein\u00a9 Business Solutions\" \/>\n<meta property=\"og:description\" content=\"Aviso legal O acesso, navega\u00e7\u00e3o e utiliza\u00e7\u00e3o do site www.henryschein.pt (doravante, o \u201cWebsite\u201d) implica a aceita\u00e7\u00e3o expressa e sem reservas de todos os termos destas condi\u00e7\u00f5es de utiliza\u00e7\u00e3o, tendo a mesma validade e efic\u00e1cia que qualquer contrato celebrado por escrito e assinado. A sua observ\u00e2ncia e cumprimento ser\u00e3o exig\u00edveis em rela\u00e7\u00e3o a qualquer pessoa que [&hellip;]\" \/>\n<meta property=\"og:url\" content=\"https:\/\/hsbusinesssolutions.es\/pt-pt\/aviso-legal\/\" \/>\n<meta property=\"og:site_name\" content=\"Henry Schein\u00a9 Business Solutions\" \/>\n<meta property=\"article:modified_time\" content=\"2025-07-24T13:23:43+00:00\" \/>\n<meta property=\"og:image\" content=\"https:\/\/hsbusinesssolutions.es\/wp-content\/uploads\/2025\/07\/portadaHS.jpg\" \/>\n\t<meta property=\"og:image:width\" content=\"1500\" \/>\n\t<meta property=\"og:image:height\" content=\"762\" \/>\n\t<meta property=\"og:image:type\" content=\"image\/jpeg\" \/>\n<meta name=\"twitter:card\" content=\"summary_large_image\" \/>\n<meta name=\"twitter:label1\" content=\"Tempo estimado de leitura\" \/>\n\t<meta name=\"twitter:data1\" content=\"7 minutos\" \/>\n<script type=\"application\/ld+json\" class=\"yoast-schema-graph\">{\"@context\":\"https:\/\/schema.org\",\"@graph\":[{\"@type\":\"WebPage\",\"@id\":\"https:\/\/hsbusinesssolutions.es\/pt-pt\/aviso-legal\/\",\"url\":\"https:\/\/hsbusinesssolutions.es\/pt-pt\/aviso-legal\/\",\"name\":\"Aviso legal - Henry Schein\u00a9 Business Solutions\",\"isPartOf\":{\"@id\":\"https:\/\/hsbusinesssolutions.es\/#website\"},\"datePublished\":\"2025-07-03T15:12:38+00:00\",\"dateModified\":\"2025-07-24T13:23:43+00:00\",\"breadcrumb\":{\"@id\":\"https:\/\/hsbusinesssolutions.es\/pt-pt\/aviso-legal\/#breadcrumb\"},\"inLanguage\":\"pt-PT\",\"potentialAction\":[{\"@type\":\"ReadAction\",\"target\":[\"https:\/\/hsbusinesssolutions.es\/pt-pt\/aviso-legal\/\"]}]},{\"@type\":\"BreadcrumbList\",\"@id\":\"https:\/\/hsbusinesssolutions.es\/pt-pt\/aviso-legal\/#breadcrumb\",\"itemListElement\":[{\"@type\":\"ListItem\",\"position\":1,\"name\":\"Portada\",\"item\":\"https:\/\/hsbusinesssolutions.es\/\"},{\"@type\":\"ListItem\",\"position\":2,\"name\":\"Aviso legal\"}]},{\"@type\":\"WebSite\",\"@id\":\"https:\/\/hsbusinesssolutions.es\/#website\",\"url\":\"https:\/\/hsbusinesssolutions.es\/\",\"name\":\"Henry Schein\u00a9 Business Solutions\",\"description\":\"En Business Solutions ponemos a tu disposici\u00f3n servicios para que puedas optimizar y llevar a otro nivel tu cl\u00ednica o laboratorio dental\",\"publisher\":{\"@id\":\"https:\/\/hsbusinesssolutions.es\/#organization\"},\"potentialAction\":[{\"@type\":\"SearchAction\",\"target\":{\"@type\":\"EntryPoint\",\"urlTemplate\":\"https:\/\/hsbusinesssolutions.es\/?s={search_term_string}\"},\"query-input\":{\"@type\":\"PropertyValueSpecification\",\"valueRequired\":true,\"valueName\":\"search_term_string\"}}],\"inLanguage\":\"pt-PT\"},{\"@type\":\"Organization\",\"@id\":\"https:\/\/hsbusinesssolutions.es\/#organization\",\"name\":\"Henry Schein\u00a9 Business Solutions\",\"url\":\"https:\/\/hsbusinesssolutions.es\/\",\"logo\":{\"@type\":\"ImageObject\",\"inLanguage\":\"pt-PT\",\"@id\":\"https:\/\/hsbusinesssolutions.es\/#\/schema\/logo\/image\/\",\"url\":\"https:\/\/hsbusinesssolutions.es\/wp-content\/uploads\/2025\/06\/Henryschein-BusinessSolutions_Logo.png\",\"contentUrl\":\"https:\/\/hsbusinesssolutions.es\/wp-content\/uploads\/2025\/06\/Henryschein-BusinessSolutions_Logo.png\",\"width\":213,\"height\":50,\"caption\":\"Henry Schein\u00a9 Business Solutions\"},\"image\":{\"@id\":\"https:\/\/hsbusinesssolutions.es\/#\/schema\/logo\/image\/\"}}]}<\/script>\n<!-- \/ Yoast SEO plugin. -->","yoast_head_json":{"title":"Aviso legal - Henry Schein\u00a9 Business Solutions","robots":{"index":"index","follow":"follow","max-snippet":"max-snippet:-1","max-image-preview":"max-image-preview:large","max-video-preview":"max-video-preview:-1"},"canonical":"https:\/\/hsbusinesssolutions.es\/pt-pt\/aviso-legal\/","og_locale":"pt_PT","og_type":"article","og_title":"Aviso legal - Henry Schein\u00a9 Business Solutions","og_description":"Aviso legal O acesso, navega\u00e7\u00e3o e utiliza\u00e7\u00e3o do site www.henryschein.pt (doravante, o \u201cWebsite\u201d) implica a aceita\u00e7\u00e3o expressa e sem reservas de todos os termos destas condi\u00e7\u00f5es de utiliza\u00e7\u00e3o, tendo a mesma validade e efic\u00e1cia que qualquer contrato celebrado por escrito e assinado. A sua observ\u00e2ncia e cumprimento ser\u00e3o exig\u00edveis em rela\u00e7\u00e3o a qualquer pessoa que [&hellip;]","og_url":"https:\/\/hsbusinesssolutions.es\/pt-pt\/aviso-legal\/","og_site_name":"Henry Schein\u00a9 Business Solutions","article_modified_time":"2025-07-24T13:23:43+00:00","og_image":[{"width":1500,"height":762,"url":"https:\/\/hsbusinesssolutions.es\/wp-content\/uploads\/2025\/07\/portadaHS.jpg","type":"image\/jpeg"}],"twitter_card":"summary_large_image","twitter_misc":{"Tempo estimado de leitura":"7 minutos"},"schema":{"@context":"https:\/\/schema.org","@graph":[{"@type":"WebPage","@id":"https:\/\/hsbusinesssolutions.es\/pt-pt\/aviso-legal\/","url":"https:\/\/hsbusinesssolutions.es\/pt-pt\/aviso-legal\/","name":"Aviso legal - Henry Schein\u00a9 Business Solutions","isPartOf":{"@id":"https:\/\/hsbusinesssolutions.es\/#website"},"datePublished":"2025-07-03T15:12:38+00:00","dateModified":"2025-07-24T13:23:43+00:00","breadcrumb":{"@id":"https:\/\/hsbusinesssolutions.es\/pt-pt\/aviso-legal\/#breadcrumb"},"inLanguage":"pt-PT","potentialAction":[{"@type":"ReadAction","target":["https:\/\/hsbusinesssolutions.es\/pt-pt\/aviso-legal\/"]}]},{"@type":"BreadcrumbList","@id":"https:\/\/hsbusinesssolutions.es\/pt-pt\/aviso-legal\/#breadcrumb","itemListElement":[{"@type":"ListItem","position":1,"name":"Portada","item":"https:\/\/hsbusinesssolutions.es\/"},{"@type":"ListItem","position":2,"name":"Aviso legal"}]},{"@type":"WebSite","@id":"https:\/\/hsbusinesssolutions.es\/#website","url":"https:\/\/hsbusinesssolutions.es\/","name":"Henry Schein\u00a9 Business Solutions","description":"En Business Solutions ponemos a tu disposici\u00f3n servicios para que puedas optimizar y llevar a otro nivel tu cl\u00ednica o laboratorio dental","publisher":{"@id":"https:\/\/hsbusinesssolutions.es\/#organization"},"potentialAction":[{"@type":"SearchAction","target":{"@type":"EntryPoint","urlTemplate":"https:\/\/hsbusinesssolutions.es\/?s={search_term_string}"},"query-input":{"@type":"PropertyValueSpecification","valueRequired":true,"valueName":"search_term_string"}}],"inLanguage":"pt-PT"},{"@type":"Organization","@id":"https:\/\/hsbusinesssolutions.es\/#organization","name":"Henry Schein\u00a9 Business Solutions","url":"https:\/\/hsbusinesssolutions.es\/","logo":{"@type":"ImageObject","inLanguage":"pt-PT","@id":"https:\/\/hsbusinesssolutions.es\/#\/schema\/logo\/image\/","url":"https:\/\/hsbusinesssolutions.es\/wp-content\/uploads\/2025\/06\/Henryschein-BusinessSolutions_Logo.png","contentUrl":"https:\/\/hsbusinesssolutions.es\/wp-content\/uploads\/2025\/06\/Henryschein-BusinessSolutions_Logo.png","width":213,"height":50,"caption":"Henry Schein\u00a9 Business Solutions"},"image":{"@id":"https:\/\/hsbusinesssolutions.es\/#\/schema\/logo\/image\/"}}]}},"_links":{"self":[{"href":"https:\/\/hsbusinesssolutions.es\/pt-pt\/wp-json\/wp\/v2\/pages\/715","targetHints":{"allow":["GET"]}}],"collection":[{"href":"https:\/\/hsbusinesssolutions.es\/pt-pt\/wp-json\/wp\/v2\/pages"}],"about":[{"href":"https:\/\/hsbusinesssolutions.es\/pt-pt\/wp-json\/wp\/v2\/types\/page"}],"author":[{"embeddable":true,"href":"https:\/\/hsbusinesssolutions.es\/pt-pt\/wp-json\/wp\/v2\/users\/1"}],"replies":[{"embeddable":true,"href":"https:\/\/hsbusinesssolutions.es\/pt-pt\/wp-json\/wp\/v2\/comments?post=715"}],"version-history":[{"count":6,"href":"https:\/\/hsbusinesssolutions.es\/pt-pt\/wp-json\/wp\/v2\/pages\/715\/revisions"}],"predecessor-version":[{"id":1064,"href":"https:\/\/hsbusinesssolutions.es\/pt-pt\/wp-json\/wp\/v2\/pages\/715\/revisions\/1064"}],"wp:attachment":[{"href":"https:\/\/hsbusinesssolutions.es\/pt-pt\/wp-json\/wp\/v2\/media?parent=715"}],"curies":[{"name":"wp","href":"https:\/\/api.w.org\/{rel}","templated":true}]}}