{"id":716,"date":"2025-07-03T15:10:21","date_gmt":"2025-07-03T15:10:21","guid":{"rendered":"https:\/\/hsbusinesssolutions.es\/politica-de-cookies\/"},"modified":"2025-07-10T15:51:22","modified_gmt":"2025-07-10T15:51:22","slug":"politica-de-cookies","status":"publish","type":"page","link":"https:\/\/hsbusinesssolutions.es\/pt-pt\/politica-de-cookies\/","title":{"rendered":"Pol\u00edtica de cookies"},"content":{"rendered":"\t\t<div data-elementor-type=\"wp-page\" data-elementor-id=\"716\" class=\"elementor elementor-716 elementor-485\" data-elementor-post-type=\"page\">\n\t\t\t\t<div class=\"elementor-element elementor-element-5ac2ce5 e-flex e-con-boxed e-con e-parent\" data-id=\"5ac2ce5\" data-element_type=\"container\" data-settings=\"{&quot;background_background&quot;:&quot;classic&quot;}\">\n\t\t\t\t\t<div class=\"e-con-inner\">\n\t\t<div class=\"elementor-element elementor-element-1f26968 e-con-full e-flex e-con e-child\" data-id=\"1f26968\" data-element_type=\"container\" data-settings=\"{&quot;background_background&quot;:&quot;gradient&quot;}\">\n\t\t\t\t<div class=\"elementor-element elementor-element-f76e0b5 elementor-widget__width-initial elementor-invisible elementor-widget elementor-widget-heading\" data-id=\"f76e0b5\" data-element_type=\"widget\" data-settings=\"{&quot;_animation&quot;:&quot;fadeIn&quot;}\" data-widget_type=\"heading.default\">\n\t\t\t\t<div class=\"elementor-widget-container\">\n\t\t\t\t\t<h1 class=\"elementor-heading-title elementor-size-default\">Pol\u00edtica de cookies<\/h1>\t\t\t\t<\/div>\n\t\t\t\t<\/div>\n\t\t\t\t<\/div>\n\t\t\t\t\t<\/div>\n\t\t\t\t<\/div>\n\t\t<div class=\"elementor-element elementor-element-a4d64e9 e-flex e-con-boxed e-con e-parent\" data-id=\"a4d64e9\" data-element_type=\"container\">\n\t\t\t\t\t<div class=\"e-con-inner\">\n\t\t<div class=\"elementor-element elementor-element-916304a e-con-full e-flex e-con e-child\" data-id=\"916304a\" data-element_type=\"container\">\n\t\t\t\t<div class=\"elementor-element elementor-element-e31bcda elementor-widget__width-initial elementor-invisible elementor-widget elementor-widget-text-editor\" data-id=\"e31bcda\" data-element_type=\"widget\" data-settings=\"{&quot;_animation&quot;:&quot;fadeIn&quot;}\" data-widget_type=\"text-editor.default\">\n\t\t\t\t<div class=\"elementor-widget-container\">\n\t\t\t\t\t\t\t\t\t<p>Em ingl\u00eas, o termo &#8220;cookie&#8221; significa cookie, mas no contexto da navega\u00e7\u00e3o na web, um &#8220;cookie&#8221; \u00e9 algo completamente diferente. Quando acede ao nosso site, um pequeno texto chamado &#8220;cookie&#8221; \u00e9 armazenado no browser do seu dispositivo. Este texto cont\u00e9m diversas informa\u00e7\u00f5es sobre os seus h\u00e1bitos de navega\u00e7\u00e3o, prefer\u00eancias, personaliza\u00e7\u00f5es de conte\u00fados, etc.<\/p><p>Existem outras tecnologias que funcionam de forma semelhante e s\u00e3o tamb\u00e9m utilizadas para recolher dados sobre a sua atividade de navega\u00e7\u00e3o. Referir-nos-emos a todas estas tecnologias coletivamente como &#8220;cookies&#8221;.<\/p><p>Os usos espec\u00edficos que fazemos destas tecnologias est\u00e3o descritos neste documento.<\/p><p><strong>Para que s\u00e3o utilizados os cookies neste site?<\/strong><\/p><p>Os cookies s\u00e3o uma parte essencial do funcionamento do site. O principal objetivo dos nossos cookies \u00e9 melhorar a sua experi\u00eancia de navega\u00e7\u00e3o. Por exemplo, para se lembrar das suas prefer\u00eancias (l\u00edngua, pa\u00eds, etc.) durante a navega\u00e7\u00e3o e em visitas futuras. A informa\u00e7\u00e3o recolhida nos cookies permite-nos tamb\u00e9m melhorar o site, adapt\u00e1-lo aos seus interesses enquanto utilizador, agilizar as suas pesquisas, etc.<\/p><p>Em certos casos, se tivermos obtido o seu consentimento pr\u00e9vio e informado, poderemos utilizar cookies para outros fins, como por exemplo, para obter informa\u00e7\u00f5es que nos permitam exibir an\u00fancios com base na an\u00e1lise dos seus h\u00e1bitos de navega\u00e7\u00e3o.<\/p><p><strong>Porque \u00e9 que os cookies N\u00c3O s\u00e3o utilizados neste site?<\/strong><\/p><p>Os cookies que utilizamos n\u00e3o armazenam informa\u00e7\u00f5es pessoais sens\u00edveis de identifica\u00e7\u00e3o, como o seu nome, morada, palavra-passe, etc.<\/p><p><strong>Quem utiliza as informa\u00e7\u00f5es armazenadas nos cookies?<\/strong><\/p><p>As informa\u00e7\u00f5es armazenadas nos cookies no nosso website s\u00e3o utilizadas exclusivamente por n\u00f3s, com exce\u00e7\u00e3o dos identificados abaixo como &#8220;cookies de terceiros&#8221;, que s\u00e3o utilizados e geridos por entidades externas que nos fornecem servi\u00e7os que melhoram a experi\u00eancia do utilizador. Por exemplo, as estat\u00edsticas recolhidas sobre o n\u00famero de visitas, conte\u00fado mais apreciado, etc., s\u00e3o geralmente geridas pelo Google Analytics.<\/p><p><strong>Como pode evitar o uso de cookies neste site?<\/strong><\/p><p>Se preferir evitar o uso de cookies, pode REJEITAR a sua utiliza\u00e7\u00e3o ou CONFIGURAR quais os cookies que pretende evitar e quais permite (neste documento fornecemos informa\u00e7\u00f5es detalhadas sobre cada tipo de cookie, a sua finalidade, destinat\u00e1rio, dura\u00e7\u00e3o, etc.).<\/p><p>Se os aceitou, n\u00e3o os solicitaremos novamente, a menos que apague os cookies do seu dispositivo, conforme indicado na sec\u00e7\u00e3o seguinte. Se desejar revogar o seu consentimento, ter\u00e1 de eliminar os cookies e configur\u00e1-los novamente.<\/p><p><strong>Como desativo e elimino o uso de cookies?<\/strong><\/p><p>Para restringir, bloquear ou eliminar os cookies deste site (e os utilizados por terceiros), pode faz\u00ea-lo a qualquer momento, modificando as defini\u00e7\u00f5es do seu navegador. Note que estas defini\u00e7\u00f5es variam dependendo do seu navegador.<\/p><p>Nos links seguintes, encontrar\u00e1 instru\u00e7\u00f5es sobre como ativar ou desativar os cookies nos navegadores mais comuns.<\/p><p>Firefox<br \/>Google Chrome<br \/>Internet Explorer<br \/>Microsoft Edge<br \/>Safari<br \/><strong>Que tipos de cookies s\u00e3o utilizados neste site?<\/strong><\/p><p>Cada site utiliza os seus pr\u00f3prios cookies. No nosso site, utilizamos os seguintes cookies:<\/p><p>Dependendo da entidade que os gere<\/p><p><strong>Cookies prim\u00e1rios:<\/strong><\/p><p>S\u00e3o cookies enviados para o terminal do Utilizador a partir de um computador ou dom\u00ednio gerido pelo pr\u00f3prio editor e a partir do qual \u00e9 prestado o servi\u00e7o solicitado pelo Utilizador.<\/p><p><strong>Cookies de terceiros:<\/strong><\/p><p>S\u00e3o cookies enviados para o terminal do Utilizador a partir de um computador ou dom\u00ednio n\u00e3o gerido pelo editor, mas por outra entidade que processa os dados obtidos atrav\u00e9s dos cookies.<\/p><p>Se os cookies forem fornecidos a partir de um computador ou dom\u00ednio gerido pelo pr\u00f3prio editor, mas as informa\u00e7\u00f5es recolhidas atrav\u00e9s dos mesmos forem geridas por terceiros, n\u00e3o poder\u00e3o ser considerados cookies prim\u00e1rios se o terceiro os utilizar para os seus pr\u00f3prios fins (por exemplo, melhorar os servi\u00e7os que presta ou prestar servi\u00e7os de publicidade a outras entidades).<\/p><p><strong>DE ACORDO COM A SUA FINALIDADE<\/strong><\/p><p><strong>Cookies T\u00e9cnicos:<\/strong><\/p><p>S\u00e3o necess\u00e1rios para a navega\u00e7\u00e3o e o funcionamento adequado do nosso Site, tais como controlar o tr\u00e1fego e a comunica\u00e7\u00e3o de dados, identificar a sess\u00e3o, aceder a \u00e1reas restritas, processar pedidos de registo ou participa\u00e7\u00e3o em eventos, contabilizar visitas para efeitos de cobran\u00e7a de licen\u00e7as de software que alimentam o servi\u00e7o do Site, utilizar recursos de seguran\u00e7a durante a navega\u00e7\u00e3o, armazenar conte\u00fados para streaming de v\u00eddeo ou \u00e1udio, ativar conte\u00fados din\u00e2micos (por exemplo, anima\u00e7\u00f5es de carregamento de texto ou imagem) ou partilhar conte\u00fados atrav\u00e9s das redes sociais.<\/p><p><strong>Bolachas Anal\u00edticas:<\/strong><\/p><p>Estes cookies permitem-nos quantificar o n\u00famero de utilizadores e, assim, realizar medi\u00e7\u00f5es e an\u00e1lises estat\u00edsticas sobre a forma como os utilizadores utilizam o Website.<\/p><p><strong>Bolachas de Prefer\u00eancia ou Personaliza\u00e7\u00e3o:<\/strong><\/p><p>Estes cookies permitem-nos memorizar informa\u00e7\u00f5es para que o Utilizador aceda ao servi\u00e7o com determinadas caracter\u00edsticas que podem diferenciar a sua experi\u00eancia da de outros utilizadores, como o idioma, o n\u00famero de resultados apresentados quando o Utilizador realiza uma pesquisa, a apar\u00eancia ou o conte\u00fado do servi\u00e7o em fun\u00e7\u00e3o do tipo de navegador atrav\u00e9s do qual o Utilizador acede ao servi\u00e7o ou da regi\u00e3o a partir da qual acede ao servi\u00e7o, etc.<\/p><p><strong>Dependendo do tempo em que permanecem ativos<\/strong><\/p><p><strong>Bolachas de Sess\u00e3o:<\/strong><\/p><p>Estes cookies s\u00e3o concebidos para recolher e armazenar dados enquanto o Utilizador acede a um website.<\/p><p>Normalmente, s\u00e3o utilizados para armazenar informa\u00e7\u00e3o necess\u00e1ria apenas para prestar o servi\u00e7o solicitado pelo Utilizador numa \u00fanica ocasi\u00e3o (por exemplo, uma lista de produtos adquiridos) e desaparecem no final da sess\u00e3o.<\/p><p><strong>Cookies persistentes:<\/strong><\/p><p>S\u00e3o cookies nos quais os dados permanecem armazenados no dispositivo e podem ser acedidos e processados \u200b\u200bdurante um per\u00edodo definido pelo controlador do cookie, que pode variar entre alguns minutos e v\u00e1rios anos. Neste sentido, deve-se avaliar especificamente se a utiliza\u00e7\u00e3o de cookies persistentes \u00e9 necess\u00e1ria, uma vez que os riscos para a privacidade podem ser reduzidos com a utiliza\u00e7\u00e3o de cookies de sess\u00e3o. Em qualquer caso, quando s\u00e3o instalados cookies persistentes, recomenda-se que a sua dura\u00e7\u00e3o seja reduzida ao m\u00ednimo necess\u00e1rio, tendo em conta a finalidade da sua utiliza\u00e7\u00e3o. Para este efeito, o Parecer 4\/2012 do WP29 indicava que, para que um cookie seja isento da obriga\u00e7\u00e3o de consentimento informado, a sua expira\u00e7\u00e3o deve estar relacionada com a sua finalidade. Portanto, os cookies de sess\u00e3o t\u00eam muito mais probabilidade de serem considerados isentos do que os cookies persistentes.<\/p>\t\t\t\t\t\t\t\t<\/div>\n\t\t\t\t<\/div>\n\t\t\t\t<\/div>\n\t\t\t\t\t<\/div>\n\t\t\t\t<\/div>\n\t\t\t\t<\/div>\n\t\t","protected":false},"excerpt":{"rendered":"<p>Pol\u00edtica de cookies Em ingl\u00eas, o termo &#8220;cookie&#8221; significa cookie, mas no contexto da navega\u00e7\u00e3o na web, um &#8220;cookie&#8221; \u00e9 algo completamente diferente. Quando acede ao nosso site, um pequeno texto chamado &#8220;cookie&#8221; \u00e9 armazenado no browser do seu dispositivo. Este texto cont\u00e9m diversas informa\u00e7\u00f5es sobre os seus h\u00e1bitos de navega\u00e7\u00e3o, prefer\u00eancias, personaliza\u00e7\u00f5es de conte\u00fados, [&hellip;]<\/p>\n","protected":false},"author":1,"featured_media":0,"parent":0,"menu_order":0,"comment_status":"closed","ping_status":"closed","template":"elementor_header_footer","meta":{"inline_featured_image":false,"footnotes":""},"class_list":["post-716","page","type-page","status-publish","hentry"],"yoast_head":"<!-- This site is optimized with the Yoast SEO plugin v26.8 - https:\/\/yoast.com\/product\/yoast-seo-wordpress\/ -->\n<title>Pol\u00edtica de cookies - Henry Schein\u00a9 Business Solutions<\/title>\n<meta name=\"robots\" content=\"index, follow, max-snippet:-1, max-image-preview:large, max-video-preview:-1\" \/>\n<link rel=\"canonical\" href=\"https:\/\/hsbusinesssolutions.es\/pt-pt\/politica-de-cookies\/\" \/>\n<meta property=\"og:locale\" content=\"pt_PT\" \/>\n<meta property=\"og:type\" content=\"article\" \/>\n<meta property=\"og:title\" content=\"Pol\u00edtica de cookies - Henry Schein\u00a9 Business Solutions\" \/>\n<meta property=\"og:description\" content=\"Pol\u00edtica de cookies Em ingl\u00eas, o termo &#8220;cookie&#8221; significa cookie, mas no contexto da navega\u00e7\u00e3o na web, um &#8220;cookie&#8221; \u00e9 algo completamente diferente. Quando acede ao nosso site, um pequeno texto chamado &#8220;cookie&#8221; \u00e9 armazenado no browser do seu dispositivo. Este texto cont\u00e9m diversas informa\u00e7\u00f5es sobre os seus h\u00e1bitos de navega\u00e7\u00e3o, prefer\u00eancias, personaliza\u00e7\u00f5es de conte\u00fados, [&hellip;]\" \/>\n<meta property=\"og:url\" content=\"https:\/\/hsbusinesssolutions.es\/pt-pt\/politica-de-cookies\/\" \/>\n<meta property=\"og:site_name\" content=\"Henry Schein\u00a9 Business Solutions\" \/>\n<meta property=\"article:modified_time\" content=\"2025-07-10T15:51:22+00:00\" \/>\n<meta property=\"og:image\" content=\"https:\/\/hsbusinesssolutions.es\/wp-content\/uploads\/2025\/07\/portadaHS.jpg\" \/>\n\t<meta property=\"og:image:width\" content=\"1500\" \/>\n\t<meta property=\"og:image:height\" content=\"762\" \/>\n\t<meta property=\"og:image:type\" content=\"image\/jpeg\" \/>\n<meta name=\"twitter:card\" content=\"summary_large_image\" \/>\n<meta name=\"twitter:label1\" content=\"Tempo estimado de leitura\" \/>\n\t<meta name=\"twitter:data1\" content=\"6 minutos\" \/>\n<script type=\"application\/ld+json\" class=\"yoast-schema-graph\">{\"@context\":\"https:\/\/schema.org\",\"@graph\":[{\"@type\":\"WebPage\",\"@id\":\"https:\/\/hsbusinesssolutions.es\/pt-pt\/politica-de-cookies\/\",\"url\":\"https:\/\/hsbusinesssolutions.es\/pt-pt\/politica-de-cookies\/\",\"name\":\"Pol\u00edtica de cookies - Henry Schein\u00a9 Business Solutions\",\"isPartOf\":{\"@id\":\"https:\/\/hsbusinesssolutions.es\/#website\"},\"datePublished\":\"2025-07-03T15:10:21+00:00\",\"dateModified\":\"2025-07-10T15:51:22+00:00\",\"breadcrumb\":{\"@id\":\"https:\/\/hsbusinesssolutions.es\/pt-pt\/politica-de-cookies\/#breadcrumb\"},\"inLanguage\":\"pt-PT\",\"potentialAction\":[{\"@type\":\"ReadAction\",\"target\":[\"https:\/\/hsbusinesssolutions.es\/pt-pt\/politica-de-cookies\/\"]}]},{\"@type\":\"BreadcrumbList\",\"@id\":\"https:\/\/hsbusinesssolutions.es\/pt-pt\/politica-de-cookies\/#breadcrumb\",\"itemListElement\":[{\"@type\":\"ListItem\",\"position\":1,\"name\":\"Portada\",\"item\":\"https:\/\/hsbusinesssolutions.es\/\"},{\"@type\":\"ListItem\",\"position\":2,\"name\":\"Pol\u00edtica de cookies\"}]},{\"@type\":\"WebSite\",\"@id\":\"https:\/\/hsbusinesssolutions.es\/#website\",\"url\":\"https:\/\/hsbusinesssolutions.es\/\",\"name\":\"Henry Schein\u00a9 Business Solutions\",\"description\":\"En Business Solutions ponemos a tu disposici\u00f3n servicios para que puedas optimizar y llevar a otro nivel tu cl\u00ednica o laboratorio dental\",\"publisher\":{\"@id\":\"https:\/\/hsbusinesssolutions.es\/#organization\"},\"potentialAction\":[{\"@type\":\"SearchAction\",\"target\":{\"@type\":\"EntryPoint\",\"urlTemplate\":\"https:\/\/hsbusinesssolutions.es\/?s={search_term_string}\"},\"query-input\":{\"@type\":\"PropertyValueSpecification\",\"valueRequired\":true,\"valueName\":\"search_term_string\"}}],\"inLanguage\":\"pt-PT\"},{\"@type\":\"Organization\",\"@id\":\"https:\/\/hsbusinesssolutions.es\/#organization\",\"name\":\"Henry Schein\u00a9 Business Solutions\",\"url\":\"https:\/\/hsbusinesssolutions.es\/\",\"logo\":{\"@type\":\"ImageObject\",\"inLanguage\":\"pt-PT\",\"@id\":\"https:\/\/hsbusinesssolutions.es\/#\/schema\/logo\/image\/\",\"url\":\"https:\/\/hsbusinesssolutions.es\/wp-content\/uploads\/2025\/06\/Henryschein-BusinessSolutions_Logo.png\",\"contentUrl\":\"https:\/\/hsbusinesssolutions.es\/wp-content\/uploads\/2025\/06\/Henryschein-BusinessSolutions_Logo.png\",\"width\":213,\"height\":50,\"caption\":\"Henry Schein\u00a9 Business Solutions\"},\"image\":{\"@id\":\"https:\/\/hsbusinesssolutions.es\/#\/schema\/logo\/image\/\"}}]}<\/script>\n<!-- \/ Yoast SEO plugin. -->","yoast_head_json":{"title":"Pol\u00edtica de cookies - Henry Schein\u00a9 Business Solutions","robots":{"index":"index","follow":"follow","max-snippet":"max-snippet:-1","max-image-preview":"max-image-preview:large","max-video-preview":"max-video-preview:-1"},"canonical":"https:\/\/hsbusinesssolutions.es\/pt-pt\/politica-de-cookies\/","og_locale":"pt_PT","og_type":"article","og_title":"Pol\u00edtica de cookies - Henry Schein\u00a9 Business Solutions","og_description":"Pol\u00edtica de cookies Em ingl\u00eas, o termo &#8220;cookie&#8221; significa cookie, mas no contexto da navega\u00e7\u00e3o na web, um &#8220;cookie&#8221; \u00e9 algo completamente diferente. Quando acede ao nosso site, um pequeno texto chamado &#8220;cookie&#8221; \u00e9 armazenado no browser do seu dispositivo. Este texto cont\u00e9m diversas informa\u00e7\u00f5es sobre os seus h\u00e1bitos de navega\u00e7\u00e3o, prefer\u00eancias, personaliza\u00e7\u00f5es de conte\u00fados, [&hellip;]","og_url":"https:\/\/hsbusinesssolutions.es\/pt-pt\/politica-de-cookies\/","og_site_name":"Henry Schein\u00a9 Business Solutions","article_modified_time":"2025-07-10T15:51:22+00:00","og_image":[{"width":1500,"height":762,"url":"https:\/\/hsbusinesssolutions.es\/wp-content\/uploads\/2025\/07\/portadaHS.jpg","type":"image\/jpeg"}],"twitter_card":"summary_large_image","twitter_misc":{"Tempo estimado de leitura":"6 minutos"},"schema":{"@context":"https:\/\/schema.org","@graph":[{"@type":"WebPage","@id":"https:\/\/hsbusinesssolutions.es\/pt-pt\/politica-de-cookies\/","url":"https:\/\/hsbusinesssolutions.es\/pt-pt\/politica-de-cookies\/","name":"Pol\u00edtica de cookies - Henry Schein\u00a9 Business Solutions","isPartOf":{"@id":"https:\/\/hsbusinesssolutions.es\/#website"},"datePublished":"2025-07-03T15:10:21+00:00","dateModified":"2025-07-10T15:51:22+00:00","breadcrumb":{"@id":"https:\/\/hsbusinesssolutions.es\/pt-pt\/politica-de-cookies\/#breadcrumb"},"inLanguage":"pt-PT","potentialAction":[{"@type":"ReadAction","target":["https:\/\/hsbusinesssolutions.es\/pt-pt\/politica-de-cookies\/"]}]},{"@type":"BreadcrumbList","@id":"https:\/\/hsbusinesssolutions.es\/pt-pt\/politica-de-cookies\/#breadcrumb","itemListElement":[{"@type":"ListItem","position":1,"name":"Portada","item":"https:\/\/hsbusinesssolutions.es\/"},{"@type":"ListItem","position":2,"name":"Pol\u00edtica de cookies"}]},{"@type":"WebSite","@id":"https:\/\/hsbusinesssolutions.es\/#website","url":"https:\/\/hsbusinesssolutions.es\/","name":"Henry Schein\u00a9 Business Solutions","description":"En Business Solutions ponemos a tu disposici\u00f3n servicios para que puedas optimizar y llevar a otro nivel tu cl\u00ednica o laboratorio dental","publisher":{"@id":"https:\/\/hsbusinesssolutions.es\/#organization"},"potentialAction":[{"@type":"SearchAction","target":{"@type":"EntryPoint","urlTemplate":"https:\/\/hsbusinesssolutions.es\/?s={search_term_string}"},"query-input":{"@type":"PropertyValueSpecification","valueRequired":true,"valueName":"search_term_string"}}],"inLanguage":"pt-PT"},{"@type":"Organization","@id":"https:\/\/hsbusinesssolutions.es\/#organization","name":"Henry Schein\u00a9 Business Solutions","url":"https:\/\/hsbusinesssolutions.es\/","logo":{"@type":"ImageObject","inLanguage":"pt-PT","@id":"https:\/\/hsbusinesssolutions.es\/#\/schema\/logo\/image\/","url":"https:\/\/hsbusinesssolutions.es\/wp-content\/uploads\/2025\/06\/Henryschein-BusinessSolutions_Logo.png","contentUrl":"https:\/\/hsbusinesssolutions.es\/wp-content\/uploads\/2025\/06\/Henryschein-BusinessSolutions_Logo.png","width":213,"height":50,"caption":"Henry Schein\u00a9 Business Solutions"},"image":{"@id":"https:\/\/hsbusinesssolutions.es\/#\/schema\/logo\/image\/"}}]}},"_links":{"self":[{"href":"https:\/\/hsbusinesssolutions.es\/pt-pt\/wp-json\/wp\/v2\/pages\/716","targetHints":{"allow":["GET"]}}],"collection":[{"href":"https:\/\/hsbusinesssolutions.es\/pt-pt\/wp-json\/wp\/v2\/pages"}],"about":[{"href":"https:\/\/hsbusinesssolutions.es\/pt-pt\/wp-json\/wp\/v2\/types\/page"}],"author":[{"embeddable":true,"href":"https:\/\/hsbusinesssolutions.es\/pt-pt\/wp-json\/wp\/v2\/users\/1"}],"replies":[{"embeddable":true,"href":"https:\/\/hsbusinesssolutions.es\/pt-pt\/wp-json\/wp\/v2\/comments?post=716"}],"version-history":[{"count":3,"href":"https:\/\/hsbusinesssolutions.es\/pt-pt\/wp-json\/wp\/v2\/pages\/716\/revisions"}],"predecessor-version":[{"id":725,"href":"https:\/\/hsbusinesssolutions.es\/pt-pt\/wp-json\/wp\/v2\/pages\/716\/revisions\/725"}],"wp:attachment":[{"href":"https:\/\/hsbusinesssolutions.es\/pt-pt\/wp-json\/wp\/v2\/media?parent=716"}],"curies":[{"name":"wp","href":"https:\/\/api.w.org\/{rel}","templated":true}]}}