{"id":717,"date":"2025-07-03T15:06:23","date_gmt":"2025-07-03T15:06:23","guid":{"rendered":"https:\/\/hsbusinesssolutions.es\/politica-de-privacidad\/"},"modified":"2025-07-10T15:48:32","modified_gmt":"2025-07-10T15:48:32","slug":"politica-de-privacidade","status":"publish","type":"page","link":"https:\/\/hsbusinesssolutions.es\/pt-pt\/politica-de-privacidade\/","title":{"rendered":"Pol\u00edtica de privacidade"},"content":{"rendered":"\t\t<div data-elementor-type=\"wp-page\" data-elementor-id=\"717\" class=\"elementor elementor-717 elementor-480\" data-elementor-post-type=\"page\">\n\t\t\t\t<div class=\"elementor-element elementor-element-5ac2ce5 e-flex e-con-boxed e-con e-parent\" data-id=\"5ac2ce5\" data-element_type=\"container\" data-settings=\"{&quot;background_background&quot;:&quot;classic&quot;}\">\n\t\t\t\t\t<div class=\"e-con-inner\">\n\t\t<div class=\"elementor-element elementor-element-1f26968 e-con-full e-flex e-con e-child\" data-id=\"1f26968\" data-element_type=\"container\" data-settings=\"{&quot;background_background&quot;:&quot;gradient&quot;}\">\n\t\t\t\t<div class=\"elementor-element elementor-element-f76e0b5 elementor-widget__width-initial elementor-invisible elementor-widget elementor-widget-heading\" data-id=\"f76e0b5\" data-element_type=\"widget\" data-settings=\"{&quot;_animation&quot;:&quot;fadeIn&quot;}\" data-widget_type=\"heading.default\">\n\t\t\t\t<div class=\"elementor-widget-container\">\n\t\t\t\t\t<h1 class=\"elementor-heading-title elementor-size-default\">Pol\u00edtica de privacidade<\/h1>\t\t\t\t<\/div>\n\t\t\t\t<\/div>\n\t\t\t\t<\/div>\n\t\t\t\t\t<\/div>\n\t\t\t\t<\/div>\n\t\t<div class=\"elementor-element elementor-element-a4d64e9 e-flex e-con-boxed e-con e-parent\" data-id=\"a4d64e9\" data-element_type=\"container\">\n\t\t\t\t\t<div class=\"e-con-inner\">\n\t\t<div class=\"elementor-element elementor-element-916304a e-con-full e-flex e-con e-child\" data-id=\"916304a\" data-element_type=\"container\">\n\t\t\t\t<div class=\"elementor-element elementor-element-e31bcda elementor-widget__width-initial elementor-invisible elementor-widget elementor-widget-text-editor\" data-id=\"e31bcda\" data-element_type=\"widget\" data-settings=\"{&quot;_animation&quot;:&quot;fadeIn&quot;}\" data-widget_type=\"text-editor.default\">\n\t\t\t\t<div class=\"elementor-widget-container\">\n\t\t\t\t\t\t\t\t\t<p><strong>1. Identifica\u00e7\u00e3o<\/strong><br \/>Titular: HENRY SCHEIN ESPA\u00d1A, S.L. (doravante &#8220;HENRY SCHEIN ESPA\u00d1A&#8221;)<br \/>Sede social: Avenida de la Albufera 153, 8\u00ba, 28038, Madrid (Espanha)<br \/>CIF (N\u00famero de Identifica\u00e7\u00e3o Fiscal): B79684783<br \/>Registo P\u00fablico: Inscrita no Registo Comercial de Madrid, Tomo 27.059, Folha 25, Sec\u00e7\u00e3o 8, Folha M-11.705.<br \/>Telefone: 91 360 60 00<br \/>E-mail: business.solutions@henryschein.es<br \/>Encarregado da Prote\u00e7\u00e3o de Dados (DPO): O Utilizador pode contactar o DPO escrevendo para o endere\u00e7o indicado ao &#8220;Encarregado da Prote\u00e7\u00e3o de Dados&#8221; ou enviando um e-mail para lopd@henryschein.es.<br \/><strong>2. Informa\u00e7\u00e3o e Consentimento<\/strong><\/p><p>Ao ler esta Pol\u00edtica de Privacidade, o Utilizador \u00e9 informado sobre a forma como a HENRY SCHEIN ESPA\u00d1A recolhe, processa e protege os dados pessoais fornecidos atrav\u00e9s dos formul\u00e1rios do website www.hsbusinesssolutions.es (doravante, o &#8220;Site&#8221;), bem como sobre os seus pr\u00f3prios h\u00e1bitos de navega\u00e7\u00e3o e quaisquer outros dados que possa fornecer \u00e0 HENRY SCHEIN ESPA\u00d1A no futuro.<\/p><p>De acordo com o disposto na legisla\u00e7\u00e3o em vigor e aplic\u00e1vel em mat\u00e9ria de prote\u00e7\u00e3o de dados pessoais, ao aceitar a presente Pol\u00edtica de Privacidade, o Utilizador presta o seu consentimento informado, expresso, livre e inequ\u00edvoco para que os dados pessoais que forne\u00e7a atrav\u00e9s do Site sejam tratados pela HENRY SCHEIN ESPA\u00d1A, que \u00e9 a Controladora dos Dados, salvo indica\u00e7\u00e3o em contr\u00e1rio no momento da recolha.<\/p><p>O Utilizador dever\u00e1 ler atentamente a presente Pol\u00edtica de Privacidade, que foi redigida de forma clara e simples para facilitar a sua compreens\u00e3o, e decidir livre e voluntariamente se pretende fornecer os seus dados pessoais \u00e0 HENRY SCHEIN ESPA\u00d1A.<\/p><p><strong>3. Fornecimento obrigat\u00f3rio de dados<\/strong><\/p><p>Os dados solicitados nos formul\u00e1rios disponibilizados no Site s\u00e3o, em geral, obrigat\u00f3rios (salvo indica\u00e7\u00e3o em contr\u00e1rio no campo obrigat\u00f3rio) para o cumprimento das finalidades estabelecidas.<\/p><p>Portanto, se n\u00e3o forem fornecidos ou n\u00e3o forem fornecidos corretamente, os pedidos do utilizador n\u00e3o poder\u00e3o ser atendidos.<\/p><p><strong>4.Com que finalidade a HENRY SCHEIN ESPA\u00d1A tratar\u00e1 os dados pessoais do utilizador e durante quanto tempo?<\/strong><\/p><p>Os dados pessoais recolhidos ser\u00e3o tratados pela HENRY SCHEIN ESPA\u00d1A para as seguintes finalidades:<\/p><p>Gerir os seus pedidos de contacto, informa\u00e7\u00f5es e consultas com a HENRY SCHEIN ESPA\u00d1A atrav\u00e9s dos canais disponibilizados para o efeito no Site.<br \/>Contact\u00e1-lo para resolver e responder a quaisquer solicita\u00e7\u00f5es enviadas.<br \/>Manter, dar suporte e atualizar o Site, bem como o seu conte\u00fado ou \u00e1reas restritas ao utilizador.<br \/>Resolver quaisquer problemas t\u00e9cnicos ou de outra natureza que possam surgir em rela\u00e7\u00e3o ao Site, bem como comunic\u00e1-los aos utilizadores.<br \/>Gerir e contestar os direitos dos titulares dos dados.<br \/>Produzir relat\u00f3rios estat\u00edsticos sobre os h\u00e1bitos de acesso e atividade do utilizador no Site.<br \/>Cumprir com as obriga\u00e7\u00f5es legalmente estabelecidas.<br \/>Analisar os seus dados para criar perfis de utilizador que nos permitam definir melhor os produtos que possam ser do seu interesse.<br \/>Cumprir com as obriga\u00e7\u00f5es legalmente estabelecidas.<\/p><p>Os dados ser\u00e3o conservados pelo tempo necess\u00e1rio para cumprir as finalidades para as quais foram recolhidos, exceto se o utilizador solicitar a sua elimina\u00e7\u00e3o \u00e0 HENRY SCHEIN ESPA\u00d1A, se opuser ou revogar o seu consentimento.<\/p><p><strong>5. Quais os dados do utilizador que a empresa ir\u00e1 tratar?<\/strong><\/p><p>A HENRY SCHEIN ESPA\u00d1A tratar\u00e1 os dados solicitados e, em qualquer caso, os indicados como obrigat\u00f3rios para a presta\u00e7\u00e3o do servi\u00e7o solicitado ou para a contrata\u00e7\u00e3o do produto selecionado pelo utilizador. A n\u00e3o disponibiliza\u00e7\u00e3o dos dados assinalados como obrigat\u00f3rios pelo utilizador impossibilitar\u00e1 a presta\u00e7\u00e3o dos produtos e\/ou servi\u00e7os contratados.<\/p><p>Caso o utilizador forne\u00e7a dados de terceiros, declara ter o seu consentimento e compromete-se a fornecer ao titular dos dados, titular dos mesmos, as informa\u00e7\u00f5es contidas na Pol\u00edtica de Privacidade, isentando a HENRY SCHEIN ESPA\u00d1A de qualquer responsabilidade a este respeito. No entanto, a HENRY SCHEIN ESPA\u00d1A poder\u00e1 proceder \u00e0s verifica\u00e7\u00f5es necess\u00e1rias para comprovar este facto, adotando as correspondentes medidas de due diligence, em conformidade com a legisla\u00e7\u00e3o de prote\u00e7\u00e3o de dados.<\/p><p><strong>6. Qual a legitimidade do tratamento dos seus dados?<\/strong><\/p><p>A legitimidade do tratamento de dados ser\u00e1:<\/p><p>Para a gest\u00e3o de consultas, pedidos de informa\u00e7\u00e3o, reclama\u00e7\u00f5es e reclama\u00e7\u00f5es, o consentimento prestado pelo utilizador.<br \/>Para a elabora\u00e7\u00e3o de relat\u00f3rios estat\u00edsticos, o interesse leg\u00edtimo da HENRY SCHEIN ESPA\u00d1A.<\/p><p>Os consentimentos obtidos para as finalidades acima referidas.<\/p><p>Os dados s\u00e3o independentes, pelo que o utilizador pode revogar um ou mais deles sem afetar os restantes. Pode revogar o seu consentimento para qualquer tratamento, embora tal n\u00e3o afete a legalidade do tratamento anteriormente realizado.<\/p><p>Para revogar este consentimento, o utilizador pode contactar a HENRY SCHEIN ESPA\u00d1A atrav\u00e9s dos seguintes canais: lopd@henryschein.es ou por carta para Avenida de la Albufera 153, 8\u00ba, 28038, Madrid (Espanha).<\/p><p><strong>7.Com quem ser\u00e3o partilhados os dados do utilizador?<\/strong><\/p><p>Os dados do utilizador poder\u00e3o ser comunicados a:<\/p><p>Empresas do Grupo a que pertence a HENRY SCHEIN ESPA\u00d1A, exclusivamente para fins administrativos e internos e\/ou para os fins acima indicados. Pode consult\u00e1-los no seguinte link: http:\/\/www.henryschein.com\/us-en\/CountrySelector.aspx?hssc=2<br \/>Administra\u00e7\u00f5es P\u00fablicas, relativamente \u00e0s atribui\u00e7\u00f5es que lhes est\u00e3o atribu\u00eddas.<br \/>Organismos Estatais de Aplica\u00e7\u00e3o da Lei, nos termos da Lei.<br \/>Com os diversos parceiros da HENRY SCHEIN ESPA\u00d1A, para a presta\u00e7\u00e3o dos diversos servi\u00e7os anunciados neste portal, quando n\u00e3o prestados directamente, os quais podem ser consultados AQUI. Nesse caso, ser\u00e1 informado sobre a pol\u00edtica de privacidade correspondente de cada um deles, dentro do prazo e nas condi\u00e7\u00f5es estabelecidas na legisla\u00e7\u00e3o de prote\u00e7\u00e3o de dados.<\/p><p>Al\u00e9m disso, os dados poder\u00e3o ser acedidos pelos fornecedores da HENRY SCHEIN ESPA\u00d1A, sendo tal acesso necess\u00e1rio para o adequado cumprimento de obriga\u00e7\u00f5es legais e\/ou a presta\u00e7\u00e3o de servi\u00e7os relacionados com as finalidades acima indicadas. Estes fornecedores n\u00e3o processar\u00e3o os seus dados para fins pr\u00f3prios que n\u00e3o tenham sido previamente informados pela HENRY SCHEIN ESPA\u00d1A.<\/p><p><strong>8.\u00ba Por quanto tempo conservaremos os seus dados?<\/strong><\/p><p>Relativamente aos pedidos de informa\u00e7\u00e3o e consultas, estes ser\u00e3o conservados pelo prazo legalmente estabelecido a partir da data de rece\u00e7\u00e3o.<\/p><p><strong>9. Responsabilidade do Utilizador<\/strong><\/p><p>O Utilizador:<\/p><p>Garante ter mais de 18 anos e que os dados fornecidos \u00e0 HENRY SCHEIN ESPA\u00d1A s\u00e3o verdadeiros, exatos, completos e atualizados. Para estes efeitos, o Utilizador \u00e9 respons\u00e1vel pela veracidade de todos os dados que comunique e manter\u00e1 as informa\u00e7\u00f5es fornecidas devidamente atualizadas para que reflitam a sua situa\u00e7\u00e3o real.<br \/>Garante que informou quaisquer terceiros a quem forne\u00e7a os seus dados, caso existam, sobre os aspetos contidos neste documento. Garante ainda que obteve a sua autoriza\u00e7\u00e3o para fornecer os seus dados \u00e0 HENRY SCHEIN ESPA\u00d1A para os fins indicados.<\/p><p>Ser\u00e1 respons\u00e1vel por quaisquer informa\u00e7\u00f5es falsas ou imprecisas que forne\u00e7a atrav\u00e9s do Site e por quaisquer danos diretos ou indiretos causados \u200b\u200b\u00e0 HENRY SCHEIN ESPA\u00d1A ou a terceiros.<\/p><p><strong>10.\u00ba Exerc\u00edcio de Direitos<\/strong><\/p><p>O Utilizador poder\u00e1 enviar uma carta para o endere\u00e7o indicado no cabe\u00e7alho desta Pol\u00edtica ou por e-mail para lopd@henryschein.es com a refer\u00eancia &#8220;Prote\u00e7\u00e3o de Dados&#8221;, anexando uma fotoc\u00f3pia do seu documento de identifica\u00e7\u00e3o, a qualquer momento e gratuitamente, para:<\/p><p>Revogar os consentimentos concedidos.<br \/>Obter confirma\u00e7\u00e3o sobre se a HENRY SCHEIN ESPA\u00d1A est\u00e1 a tratar dados pessoais relativos a si.<br \/>Aceder aos seus dados pessoais.<br \/>Retificar dados inexatos ou incompletos.<br \/>Solicitar a elimina\u00e7\u00e3o dos seus dados quando, entre outros motivos, os dados j\u00e1 n\u00e3o forem necess\u00e1rios para os fins para os quais foram recolhidos.<br \/>Obter da HENRY SCHEIN ESPA\u00d1A a restri\u00e7\u00e3o do tratamento de dados quando se verifique qualquer uma das condi\u00e7\u00f5es estabelecidas na legisla\u00e7\u00e3o de prote\u00e7\u00e3o de dados.<br \/>Solicitar a portabilidade dos seus dados.<\/p><p>Apresentar uma reclama\u00e7\u00e3o sobre a prote\u00e7\u00e3o dos seus dados pessoais junto da Ag\u00eancia Espanhola de Prote\u00e7\u00e3o de Dados, sita na Calle de Jorge Juan, 6, 28001, Madrid.<\/p><p><strong>11. Medidas de Seguran\u00e7a<\/strong><\/p><p>A HENRY SCHEIN ESPA\u00d1A tratar\u00e1 os dados do Utilizador, em todos os momentos, de forma absolutamente confidencial e manter\u00e1 o sigilo dos mesmos, de acordo com o disposto na regulamenta\u00e7\u00e3o aplic\u00e1vel, adotando as medidas t\u00e9cnicas e organizacionais necess\u00e1rias para garantir a seguran\u00e7a dos seus dados e evitar a sua altera\u00e7\u00e3o, perda, tratamento ou acesso n\u00e3o autorizado, tendo em conta o estado da tecnologia, a natureza dos dados armazenados e os riscos a que est\u00e3o expostos.<\/p><p>\u00daltima atualiza\u00e7\u00e3o: 2 de abril de 2024<\/p>\t\t\t\t\t\t\t\t<\/div>\n\t\t\t\t<\/div>\n\t\t\t\t<\/div>\n\t\t\t\t\t<\/div>\n\t\t\t\t<\/div>\n\t\t\t\t<\/div>\n\t\t","protected":false},"excerpt":{"rendered":"<p>Pol\u00edtica de privacidade 1. Identifica\u00e7\u00e3oTitular: HENRY SCHEIN ESPA\u00d1A, S.L. (doravante &#8220;HENRY SCHEIN ESPA\u00d1A&#8221;)Sede social: Avenida de la Albufera 153, 8\u00ba, 28038, Madrid (Espanha)CIF (N\u00famero de Identifica\u00e7\u00e3o Fiscal): B79684783Registo P\u00fablico: Inscrita no Registo Comercial de Madrid, Tomo 27.059, Folha 25, Sec\u00e7\u00e3o 8, Folha M-11.705.Telefone: 91 360 60 00E-mail: business.solutions@henryschein.esEncarregado da Prote\u00e7\u00e3o de Dados (DPO): O Utilizador [&hellip;]<\/p>\n","protected":false},"author":1,"featured_media":0,"parent":0,"menu_order":0,"comment_status":"closed","ping_status":"closed","template":"elementor_header_footer","meta":{"inline_featured_image":false,"footnotes":""},"class_list":["post-717","page","type-page","status-publish","hentry"],"yoast_head":"<!-- This site is optimized with the Yoast SEO plugin v26.8 - https:\/\/yoast.com\/product\/yoast-seo-wordpress\/ -->\n<title>Pol\u00edtica de privacidade - Henry Schein\u00a9 Business Solutions<\/title>\n<meta name=\"robots\" content=\"index, follow, max-snippet:-1, max-image-preview:large, max-video-preview:-1\" \/>\n<link rel=\"canonical\" href=\"https:\/\/hsbusinesssolutions.es\/pt-pt\/politica-de-privacidade\/\" \/>\n<meta property=\"og:locale\" content=\"pt_PT\" \/>\n<meta property=\"og:type\" content=\"article\" \/>\n<meta property=\"og:title\" content=\"Pol\u00edtica de privacidade - Henry Schein\u00a9 Business Solutions\" \/>\n<meta property=\"og:description\" content=\"Pol\u00edtica de privacidade 1. Identifica\u00e7\u00e3oTitular: HENRY SCHEIN ESPA\u00d1A, S.L. (doravante &#8220;HENRY SCHEIN ESPA\u00d1A&#8221;)Sede social: Avenida de la Albufera 153, 8\u00ba, 28038, Madrid (Espanha)CIF (N\u00famero de Identifica\u00e7\u00e3o Fiscal): B79684783Registo P\u00fablico: Inscrita no Registo Comercial de Madrid, Tomo 27.059, Folha 25, Sec\u00e7\u00e3o 8, Folha M-11.705.Telefone: 91 360 60 00E-mail: business.solutions@henryschein.esEncarregado da Prote\u00e7\u00e3o de Dados (DPO): O Utilizador [&hellip;]\" \/>\n<meta property=\"og:url\" content=\"https:\/\/hsbusinesssolutions.es\/pt-pt\/politica-de-privacidade\/\" \/>\n<meta property=\"og:site_name\" content=\"Henry Schein\u00a9 Business Solutions\" \/>\n<meta property=\"article:modified_time\" content=\"2025-07-10T15:48:32+00:00\" \/>\n<meta property=\"og:image\" content=\"https:\/\/hsbusinesssolutions.es\/wp-content\/uploads\/2025\/07\/portadaHS.jpg\" \/>\n\t<meta property=\"og:image:width\" content=\"1500\" \/>\n\t<meta property=\"og:image:height\" content=\"762\" \/>\n\t<meta property=\"og:image:type\" content=\"image\/jpeg\" \/>\n<meta name=\"twitter:card\" content=\"summary_large_image\" \/>\n<meta name=\"twitter:label1\" content=\"Tempo estimado de leitura\" \/>\n\t<meta name=\"twitter:data1\" content=\"8 minutos\" \/>\n<script type=\"application\/ld+json\" class=\"yoast-schema-graph\">{\"@context\":\"https:\/\/schema.org\",\"@graph\":[{\"@type\":\"WebPage\",\"@id\":\"https:\/\/hsbusinesssolutions.es\/pt-pt\/politica-de-privacidade\/\",\"url\":\"https:\/\/hsbusinesssolutions.es\/pt-pt\/politica-de-privacidade\/\",\"name\":\"Pol\u00edtica de privacidade - Henry Schein\u00a9 Business Solutions\",\"isPartOf\":{\"@id\":\"https:\/\/hsbusinesssolutions.es\/#website\"},\"datePublished\":\"2025-07-03T15:06:23+00:00\",\"dateModified\":\"2025-07-10T15:48:32+00:00\",\"breadcrumb\":{\"@id\":\"https:\/\/hsbusinesssolutions.es\/pt-pt\/politica-de-privacidade\/#breadcrumb\"},\"inLanguage\":\"pt-PT\",\"potentialAction\":[{\"@type\":\"ReadAction\",\"target\":[\"https:\/\/hsbusinesssolutions.es\/pt-pt\/politica-de-privacidade\/\"]}]},{\"@type\":\"BreadcrumbList\",\"@id\":\"https:\/\/hsbusinesssolutions.es\/pt-pt\/politica-de-privacidade\/#breadcrumb\",\"itemListElement\":[{\"@type\":\"ListItem\",\"position\":1,\"name\":\"Portada\",\"item\":\"https:\/\/hsbusinesssolutions.es\/\"},{\"@type\":\"ListItem\",\"position\":2,\"name\":\"Pol\u00edtica de privacidade\"}]},{\"@type\":\"WebSite\",\"@id\":\"https:\/\/hsbusinesssolutions.es\/#website\",\"url\":\"https:\/\/hsbusinesssolutions.es\/\",\"name\":\"Henry Schein\u00a9 Business Solutions\",\"description\":\"En Business Solutions ponemos a tu disposici\u00f3n servicios para que puedas optimizar y llevar a otro nivel tu cl\u00ednica o laboratorio dental\",\"publisher\":{\"@id\":\"https:\/\/hsbusinesssolutions.es\/#organization\"},\"potentialAction\":[{\"@type\":\"SearchAction\",\"target\":{\"@type\":\"EntryPoint\",\"urlTemplate\":\"https:\/\/hsbusinesssolutions.es\/?s={search_term_string}\"},\"query-input\":{\"@type\":\"PropertyValueSpecification\",\"valueRequired\":true,\"valueName\":\"search_term_string\"}}],\"inLanguage\":\"pt-PT\"},{\"@type\":\"Organization\",\"@id\":\"https:\/\/hsbusinesssolutions.es\/#organization\",\"name\":\"Henry Schein\u00a9 Business Solutions\",\"url\":\"https:\/\/hsbusinesssolutions.es\/\",\"logo\":{\"@type\":\"ImageObject\",\"inLanguage\":\"pt-PT\",\"@id\":\"https:\/\/hsbusinesssolutions.es\/#\/schema\/logo\/image\/\",\"url\":\"https:\/\/hsbusinesssolutions.es\/wp-content\/uploads\/2025\/06\/Henryschein-BusinessSolutions_Logo.png\",\"contentUrl\":\"https:\/\/hsbusinesssolutions.es\/wp-content\/uploads\/2025\/06\/Henryschein-BusinessSolutions_Logo.png\",\"width\":213,\"height\":50,\"caption\":\"Henry Schein\u00a9 Business Solutions\"},\"image\":{\"@id\":\"https:\/\/hsbusinesssolutions.es\/#\/schema\/logo\/image\/\"}}]}<\/script>\n<!-- \/ Yoast SEO plugin. -->","yoast_head_json":{"title":"Pol\u00edtica de privacidade - Henry Schein\u00a9 Business Solutions","robots":{"index":"index","follow":"follow","max-snippet":"max-snippet:-1","max-image-preview":"max-image-preview:large","max-video-preview":"max-video-preview:-1"},"canonical":"https:\/\/hsbusinesssolutions.es\/pt-pt\/politica-de-privacidade\/","og_locale":"pt_PT","og_type":"article","og_title":"Pol\u00edtica de privacidade - Henry Schein\u00a9 Business Solutions","og_description":"Pol\u00edtica de privacidade 1. Identifica\u00e7\u00e3oTitular: HENRY SCHEIN ESPA\u00d1A, S.L. (doravante &#8220;HENRY SCHEIN ESPA\u00d1A&#8221;)Sede social: Avenida de la Albufera 153, 8\u00ba, 28038, Madrid (Espanha)CIF (N\u00famero de Identifica\u00e7\u00e3o Fiscal): B79684783Registo P\u00fablico: Inscrita no Registo Comercial de Madrid, Tomo 27.059, Folha 25, Sec\u00e7\u00e3o 8, Folha M-11.705.Telefone: 91 360 60 00E-mail: business.solutions@henryschein.esEncarregado da Prote\u00e7\u00e3o de Dados (DPO): O Utilizador [&hellip;]","og_url":"https:\/\/hsbusinesssolutions.es\/pt-pt\/politica-de-privacidade\/","og_site_name":"Henry Schein\u00a9 Business Solutions","article_modified_time":"2025-07-10T15:48:32+00:00","og_image":[{"width":1500,"height":762,"url":"https:\/\/hsbusinesssolutions.es\/wp-content\/uploads\/2025\/07\/portadaHS.jpg","type":"image\/jpeg"}],"twitter_card":"summary_large_image","twitter_misc":{"Tempo estimado de leitura":"8 minutos"},"schema":{"@context":"https:\/\/schema.org","@graph":[{"@type":"WebPage","@id":"https:\/\/hsbusinesssolutions.es\/pt-pt\/politica-de-privacidade\/","url":"https:\/\/hsbusinesssolutions.es\/pt-pt\/politica-de-privacidade\/","name":"Pol\u00edtica de privacidade - Henry Schein\u00a9 Business Solutions","isPartOf":{"@id":"https:\/\/hsbusinesssolutions.es\/#website"},"datePublished":"2025-07-03T15:06:23+00:00","dateModified":"2025-07-10T15:48:32+00:00","breadcrumb":{"@id":"https:\/\/hsbusinesssolutions.es\/pt-pt\/politica-de-privacidade\/#breadcrumb"},"inLanguage":"pt-PT","potentialAction":[{"@type":"ReadAction","target":["https:\/\/hsbusinesssolutions.es\/pt-pt\/politica-de-privacidade\/"]}]},{"@type":"BreadcrumbList","@id":"https:\/\/hsbusinesssolutions.es\/pt-pt\/politica-de-privacidade\/#breadcrumb","itemListElement":[{"@type":"ListItem","position":1,"name":"Portada","item":"https:\/\/hsbusinesssolutions.es\/"},{"@type":"ListItem","position":2,"name":"Pol\u00edtica de privacidade"}]},{"@type":"WebSite","@id":"https:\/\/hsbusinesssolutions.es\/#website","url":"https:\/\/hsbusinesssolutions.es\/","name":"Henry Schein\u00a9 Business Solutions","description":"En Business Solutions ponemos a tu disposici\u00f3n servicios para que puedas optimizar y llevar a otro nivel tu cl\u00ednica o laboratorio dental","publisher":{"@id":"https:\/\/hsbusinesssolutions.es\/#organization"},"potentialAction":[{"@type":"SearchAction","target":{"@type":"EntryPoint","urlTemplate":"https:\/\/hsbusinesssolutions.es\/?s={search_term_string}"},"query-input":{"@type":"PropertyValueSpecification","valueRequired":true,"valueName":"search_term_string"}}],"inLanguage":"pt-PT"},{"@type":"Organization","@id":"https:\/\/hsbusinesssolutions.es\/#organization","name":"Henry Schein\u00a9 Business Solutions","url":"https:\/\/hsbusinesssolutions.es\/","logo":{"@type":"ImageObject","inLanguage":"pt-PT","@id":"https:\/\/hsbusinesssolutions.es\/#\/schema\/logo\/image\/","url":"https:\/\/hsbusinesssolutions.es\/wp-content\/uploads\/2025\/06\/Henryschein-BusinessSolutions_Logo.png","contentUrl":"https:\/\/hsbusinesssolutions.es\/wp-content\/uploads\/2025\/06\/Henryschein-BusinessSolutions_Logo.png","width":213,"height":50,"caption":"Henry Schein\u00a9 Business Solutions"},"image":{"@id":"https:\/\/hsbusinesssolutions.es\/#\/schema\/logo\/image\/"}}]}},"_links":{"self":[{"href":"https:\/\/hsbusinesssolutions.es\/pt-pt\/wp-json\/wp\/v2\/pages\/717","targetHints":{"allow":["GET"]}}],"collection":[{"href":"https:\/\/hsbusinesssolutions.es\/pt-pt\/wp-json\/wp\/v2\/pages"}],"about":[{"href":"https:\/\/hsbusinesssolutions.es\/pt-pt\/wp-json\/wp\/v2\/types\/page"}],"author":[{"embeddable":true,"href":"https:\/\/hsbusinesssolutions.es\/pt-pt\/wp-json\/wp\/v2\/users\/1"}],"replies":[{"embeddable":true,"href":"https:\/\/hsbusinesssolutions.es\/pt-pt\/wp-json\/wp\/v2\/comments?post=717"}],"version-history":[{"count":4,"href":"https:\/\/hsbusinesssolutions.es\/pt-pt\/wp-json\/wp\/v2\/pages\/717\/revisions"}],"predecessor-version":[{"id":721,"href":"https:\/\/hsbusinesssolutions.es\/pt-pt\/wp-json\/wp\/v2\/pages\/717\/revisions\/721"}],"wp:attachment":[{"href":"https:\/\/hsbusinesssolutions.es\/pt-pt\/wp-json\/wp\/v2\/media?parent=717"}],"curies":[{"name":"wp","href":"https:\/\/api.w.org\/{rel}","templated":true}]}}